{"id":51490,"date":"2025-05-02T08:24:30","date_gmt":"2025-05-02T08:24:30","guid":{"rendered":"https:\/\/jawa.ee\/?post_type=product&#038;p=51490"},"modified":"2025-05-02T08:27:04","modified_gmt":"2025-05-02T08:27:04","slug":"suutekuunla-remontpuks-m14","status":"publish","type":"product","link":"https:\/\/jawa.ee\/en\/toode\/suutekuunla-remontpuks-m14\/","title":{"rendered":"S\u00fc\u00fctek\u00fc\u00fcnla remontpuks M14"},"content":{"rendered":"","protected":false},"excerpt":{"rendered":"","protected":false},"featured_media":51491,"template":"","meta":[],"product_brand":[],"product_cat":[83,84,131,147,96,157,141],"product_tag":[],"class_list":{"0":"post-51490","1":"product","2":"type-product","3":"status-publish","4":"has-post-thumbnail","6":"product_cat-jawa-360-559","7":"product_cat-jawa-634-638-640","8":"product_cat-mootorid-silindrid","9":"product_cat-mootorid-silindrid-jawa-634-638-640","10":"product_cat-riga-varuosad","11":"product_cat-suude-jawa-634-638-640","12":"product_cat-suude-jawa-360-559","14":"first","15":"instock","16":"taxable","17":"shipping-taxable","18":"purchasable","19":"product-type-simple"},"_links":{"self":[{"href":"https:\/\/jawa.ee\/en\/wp-json\/wp\/v2\/product\/51490","targetHints":{"allow":["GET"]}}],"collection":[{"href":"https:\/\/jawa.ee\/en\/wp-json\/wp\/v2\/product"}],"about":[{"href":"https:\/\/jawa.ee\/en\/wp-json\/wp\/v2\/types\/product"}],"wp:featuredmedia":[{"embeddable":true,"href":"https:\/\/jawa.ee\/en\/wp-json\/wp\/v2\/media\/51491"}],"wp:attachment":[{"href":"https:\/\/jawa.ee\/en\/wp-json\/wp\/v2\/media?parent=51490"}],"wp:term":[{"taxonomy":"product_brand","embeddable":true,"href":"https:\/\/jawa.ee\/en\/wp-json\/wp\/v2\/product_brand?post=51490"},{"taxonomy":"product_cat","embeddable":true,"href":"https:\/\/jawa.ee\/en\/wp-json\/wp\/v2\/product_cat?post=51490"},{"taxonomy":"product_tag","embeddable":true,"href":"https:\/\/jawa.ee\/en\/wp-json\/wp\/v2\/product_tag?post=51490"}],"curies":[{"name":"wp","href":"https:\/\/api.w.org\/{rel}","templated":true}]}}